{"id":77,"date":"2014-04-18T19:17:58","date_gmt":"2014-04-18T17:17:58","guid":{"rendered":"https:\/\/www.bkapollo.sk\/bka\/?page_id=77"},"modified":"2014-05-02T14:26:24","modified_gmt":"2014-05-02T12:26:24","slug":"pravidla","status":"publish","type":"page","link":"https:\/\/www.bkapollo.sk\/bka\/softball\/pravidla\/","title":{"rendered":"Pravidl\u00e1"},"content":{"rendered":"<p>Softball sa hr\u00e1 na \u0161tvr\u0165kruhovom ihrisku, ktor\u00e9ho polomer z\u00e1vis\u00ed od vekovej kateg\u00f3rie. \u010cas\u0165 ihriska v jeho vrchole sa naz\u00fdva VN\u00daTORN\u00c9 POLE. Nadhadzova\u010d stoj\u00ed v strede vn\u00fatorn\u00e9ho po\u013ea vo vzdialenosti ur\u010denej pravidlami &#8211; tie\u017e pod\u013ea vekovej kateg\u00f3rie &#8211; od dom\u00e1cej m\u00e9ty. Zbytok ihriska sa naz\u00fdva ZADN\u00c9 POLE.<\/p>\n<p>&nbsp;<\/p>\n<p>Ka\u017ed\u00e9 dru\u017estvo hr\u00e1 s deviatimi hr\u00e1\u010dmi. Nehr\u00e1 sa na \u010das, ale na ZMENY (angl. inning), ktor\u00fdch je sedem. Ak je v\u00fdsledok po siedmych zmen\u00e1ch nerozhodn\u00fd, pokra\u010duje hra \u010fal\u0161ou a \u010fal\u0161ou zmenou, a\u017e pok\u00fdm sa nerozhodne.<\/p>\n<p>V ka\u017edej zmene je v\u017edy jedno dru\u017estvo v \u00fatoku &#8211; \\&#8220;NA P\u00c1LKE\\&#8220;, druh\u00e9 v obrane &#8211; \\&#8220;V POLI\\&#8220;. Bod sa z\u00edska tak, \u017ee P\u00c1LKAR po spr\u00e1vnom odpale lopti\u010dky prebehne cez PRV\u00da, DRUH\u00da a TRETIU M\u00c9TU a\u017e tam, odkia\u013e vybehol &#8211; na DOM\u00c1CU M\u00c9TU.<\/p>\n<p>P\u00e1lkara sa sna\u017eia na tejto ceste zastavi\u0165 obrancovia &#8211; POLIARI vyraden\u00edm z hry &#8211; VYAUTOVAN\u00cdM. Ak sa im to podar\u00ed, nastupuje do hry \u010fal\u0161\u00ed p\u00e1lkar. Ak dru\u017estvo v obrane vyautuje troch p\u00e1lkarov, dru\u017estv\u00e1 si vymenia \u00falohy obrana &#8211; \u00fatok.<\/p>\n<p>Poliari maj\u00fa na vyautovanie p\u00e1lkarov mno\u017estvo sp\u00f4sobov. Napr\u00edklad chyten\u00edm odp\u00e1lenej lopti\u010dky bez jej dopadu na zem, alebo dotykom p\u00e1lkara lopti\u010dkou pri jeho behu na \u010fal\u0161iu m\u00e9tu, \u010di prihrat\u00edm lopti\u010dky svojmu spoluhr\u00e1\u010dovi na t\u00fa m\u00e9tu, na ktor\u00fa smeruje p\u00e1lkar, sk\u00f4r ako tam tento dobehne.<\/p>\n<p>P\u00e1lkarovi br\u00e1ni e\u0161te jeden obranca &#8211; NADHADZOVA\u010c, ktor\u00fd nadhadzuje lopti\u010dky p\u00e1lkarovi. Pri svojom nadhode mus\u00ed trafi\u0165 do priestoru nad dom\u00e1cou m\u00e9tou, vo v\u00fd\u0161ke od kolien po podpa\u017eie p\u00e1lkara. Trafi\u0165 m\u00f4\u017ee aj inde, ale len trikr\u00e1t. Ak netraf\u00ed po \u0161tvrt\u00fdkr\u00e1t, postupuje p\u00e1lkar automaticky na prv\u00fa m\u00e9tu. Ak p\u00e1lkar netrafil tri spr\u00e1vne nahoden\u00e9 lopti\u010dky, je vyautovan\u00fd.<\/p>\n<p>Ak p\u00e1lkar odp\u00e1li lopti\u010dku a\u017e za ihrisko, vol\u00e1 sa to HOMERUN. Ak sa mu to podar\u00ed, p\u00e1lkar a v\u0161etci be\u017eci, ktor\u00ed s\u00fa na m\u00e9tach, z\u00edskavaj\u00fa bod.<\/p>\n<p>Na posudzovanie v\u010dasnosti z\u00e1krokov a presnosti nadhodov dozeraj\u00fa rozhodcovia, z ktor\u00fdch hlavn\u00fd rozhodca stoj\u00ed za p\u00e1lkarom.<\/p>\n","protected":false},"excerpt":{"rendered":"<p>Softball sa hr\u00e1 na \u0161tvr\u0165kruhovom ihrisku, ktor\u00e9ho polomer z\u00e1vis\u00ed od vekovej kateg\u00f3rie. \u010cas\u0165 ihriska v jeho vrchole sa naz\u00fdva VN\u00daTORN\u00c9 POLE. Nadhadzova\u010d stoj\u00ed v strede vn\u00fatorn\u00e9ho po\u013ea vo vzdialenosti ur\u010denej pravidlami &#8211; tie\u017e pod\u013ea vekovej kateg\u00f3rie &#8211; od dom\u00e1cej m\u00e9ty. Zbytok ihriska sa naz\u00fdva ZADN\u00c9 POLE. &nbsp; Ka\u017ed\u00e9 dru\u017estvo hr\u00e1 s deviatimi hr\u00e1\u010dmi. Nehr\u00e1 sa&#8230;<\/p>\n","protected":false},"author":1,"featured_media":0,"parent":64,"menu_order":0,"comment_status":"closed","ping_status":"closed","template":"","meta":[],"yoast_head":"<!-- This site is optimized with the Yoast SEO plugin v20.1 - https:\/\/yoast.com\/wordpress\/plugins\/seo\/ -->\n<title>Pravidl\u00e1 - APOLLO Bratislava<\/title>\n<meta name=\"robots\" content=\"index, follow, max-snippet:-1, max-image-preview:large, max-video-preview:-1\" \/>\n<link rel=\"canonical\" href=\"https:\/\/www.bkapollo.sk\/bka\/softball\/pravidla\/\" \/>\n<meta property=\"og:locale\" content=\"sk_SK\" \/>\n<meta property=\"og:type\" content=\"article\" \/>\n<meta property=\"og:title\" content=\"Pravidl\u00e1 - APOLLO Bratislava\" \/>\n<meta property=\"og:description\" content=\"Softball sa hr\u00e1 na \u0161tvr\u0165kruhovom ihrisku, ktor\u00e9ho polomer z\u00e1vis\u00ed od vekovej kateg\u00f3rie. \u010cas\u0165 ihriska v jeho vrchole sa naz\u00fdva VN\u00daTORN\u00c9 POLE. Nadhadzova\u010d stoj\u00ed v strede vn\u00fatorn\u00e9ho po\u013ea vo vzdialenosti ur\u010denej pravidlami &#8211; tie\u017e pod\u013ea vekovej kateg\u00f3rie &#8211; od dom\u00e1cej m\u00e9ty. Zbytok ihriska sa naz\u00fdva ZADN\u00c9 POLE. &nbsp; Ka\u017ed\u00e9 dru\u017estvo hr\u00e1 s deviatimi hr\u00e1\u010dmi. Nehr\u00e1 sa...\" \/>\n<meta property=\"og:url\" content=\"https:\/\/www.bkapollo.sk\/bka\/softball\/pravidla\/\" \/>\n<meta property=\"og:site_name\" content=\"APOLLO Bratislava\" \/>\n<meta property=\"article:modified_time\" content=\"2014-05-02T12:26:24+00:00\" \/>\n<meta name=\"twitter:card\" content=\"summary_large_image\" \/>\n<meta name=\"twitter:label1\" content=\"Predpokladan\u00fd \u010das \u010d\u00edtania\" \/>\n\t<meta name=\"twitter:data1\" content=\"2 min\u00faty\" \/>\n<script type=\"application\/ld+json\" class=\"yoast-schema-graph\">{\"@context\":\"https:\/\/schema.org\",\"@graph\":[{\"@type\":\"WebPage\",\"@id\":\"https:\/\/www.bkapollo.sk\/bka\/softball\/pravidla\/\",\"url\":\"https:\/\/www.bkapollo.sk\/bka\/softball\/pravidla\/\",\"name\":\"Pravidl\u00e1 - APOLLO Bratislava\",\"isPartOf\":{\"@id\":\"https:\/\/www.bkapollo.sk\/bka\/#website\"},\"datePublished\":\"2014-04-18T17:17:58+00:00\",\"dateModified\":\"2014-05-02T12:26:24+00:00\",\"breadcrumb\":{\"@id\":\"https:\/\/www.bkapollo.sk\/bka\/softball\/pravidla\/#breadcrumb\"},\"inLanguage\":\"sk-SK\",\"potentialAction\":[{\"@type\":\"ReadAction\",\"target\":[\"https:\/\/www.bkapollo.sk\/bka\/softball\/pravidla\/\"]}]},{\"@type\":\"BreadcrumbList\",\"@id\":\"https:\/\/www.bkapollo.sk\/bka\/softball\/pravidla\/#breadcrumb\",\"itemListElement\":[{\"@type\":\"ListItem\",\"position\":1,\"name\":\"Domovsk\u00e1 str\u00e1nka\",\"item\":\"https:\/\/www.bkapollo.sk\/bka\/\"},{\"@type\":\"ListItem\",\"position\":2,\"name\":\"Softball\",\"item\":\"https:\/\/www.bkapollo.sk\/bka\/softball\/\"},{\"@type\":\"ListItem\",\"position\":3,\"name\":\"Pravidl\u00e1\"}]},{\"@type\":\"WebSite\",\"@id\":\"https:\/\/www.bkapollo.sk\/bka\/#website\",\"url\":\"https:\/\/www.bkapollo.sk\/bka\/\",\"name\":\"APOLLO Bratislava\",\"description\":\"Baseball &amp; Softball Club\",\"publisher\":{\"@id\":\"https:\/\/www.bkapollo.sk\/bka\/#organization\"},\"potentialAction\":[{\"@type\":\"SearchAction\",\"target\":{\"@type\":\"EntryPoint\",\"urlTemplate\":\"https:\/\/www.bkapollo.sk\/bka\/?s={search_term_string}\"},\"query-input\":\"required name=search_term_string\"}],\"inLanguage\":\"sk-SK\"},{\"@type\":\"Organization\",\"@id\":\"https:\/\/www.bkapollo.sk\/bka\/#organization\",\"name\":\"BK Apollo Bratislava\",\"url\":\"https:\/\/www.bkapollo.sk\/bka\/\",\"logo\":{\"@type\":\"ImageObject\",\"inLanguage\":\"sk-SK\",\"@id\":\"https:\/\/www.bkapollo.sk\/bka\/#\/schema\/logo\/image\/\",\"url\":\"https:\/\/www.bkapollo.sk\/bka\/wp-content\/uploads\/2014\/04\/bka_logo.png\",\"contentUrl\":\"https:\/\/www.bkapollo.sk\/bka\/wp-content\/uploads\/2014\/04\/bka_logo.png\",\"width\":320,\"height\":37,\"caption\":\"BK Apollo Bratislava\"},\"image\":{\"@id\":\"https:\/\/www.bkapollo.sk\/bka\/#\/schema\/logo\/image\/\"}}]}<\/script>\n<!-- \/ Yoast SEO plugin. -->","yoast_head_json":{"title":"Pravidl\u00e1 - APOLLO Bratislava","robots":{"index":"index","follow":"follow","max-snippet":"max-snippet:-1","max-image-preview":"max-image-preview:large","max-video-preview":"max-video-preview:-1"},"canonical":"https:\/\/www.bkapollo.sk\/bka\/softball\/pravidla\/","og_locale":"sk_SK","og_type":"article","og_title":"Pravidl\u00e1 - APOLLO Bratislava","og_description":"Softball sa hr\u00e1 na \u0161tvr\u0165kruhovom ihrisku, ktor\u00e9ho polomer z\u00e1vis\u00ed od vekovej kateg\u00f3rie. \u010cas\u0165 ihriska v jeho vrchole sa naz\u00fdva VN\u00daTORN\u00c9 POLE. Nadhadzova\u010d stoj\u00ed v strede vn\u00fatorn\u00e9ho po\u013ea vo vzdialenosti ur\u010denej pravidlami &#8211; tie\u017e pod\u013ea vekovej kateg\u00f3rie &#8211; od dom\u00e1cej m\u00e9ty. Zbytok ihriska sa naz\u00fdva ZADN\u00c9 POLE. &nbsp; Ka\u017ed\u00e9 dru\u017estvo hr\u00e1 s deviatimi hr\u00e1\u010dmi. Nehr\u00e1 sa...","og_url":"https:\/\/www.bkapollo.sk\/bka\/softball\/pravidla\/","og_site_name":"APOLLO Bratislava","article_modified_time":"2014-05-02T12:26:24+00:00","twitter_card":"summary_large_image","twitter_misc":{"Predpokladan\u00fd \u010das \u010d\u00edtania":"2 min\u00faty"},"schema":{"@context":"https:\/\/schema.org","@graph":[{"@type":"WebPage","@id":"https:\/\/www.bkapollo.sk\/bka\/softball\/pravidla\/","url":"https:\/\/www.bkapollo.sk\/bka\/softball\/pravidla\/","name":"Pravidl\u00e1 - APOLLO Bratislava","isPartOf":{"@id":"https:\/\/www.bkapollo.sk\/bka\/#website"},"datePublished":"2014-04-18T17:17:58+00:00","dateModified":"2014-05-02T12:26:24+00:00","breadcrumb":{"@id":"https:\/\/www.bkapollo.sk\/bka\/softball\/pravidla\/#breadcrumb"},"inLanguage":"sk-SK","potentialAction":[{"@type":"ReadAction","target":["https:\/\/www.bkapollo.sk\/bka\/softball\/pravidla\/"]}]},{"@type":"BreadcrumbList","@id":"https:\/\/www.bkapollo.sk\/bka\/softball\/pravidla\/#breadcrumb","itemListElement":[{"@type":"ListItem","position":1,"name":"Domovsk\u00e1 str\u00e1nka","item":"https:\/\/www.bkapollo.sk\/bka\/"},{"@type":"ListItem","position":2,"name":"Softball","item":"https:\/\/www.bkapollo.sk\/bka\/softball\/"},{"@type":"ListItem","position":3,"name":"Pravidl\u00e1"}]},{"@type":"WebSite","@id":"https:\/\/www.bkapollo.sk\/bka\/#website","url":"https:\/\/www.bkapollo.sk\/bka\/","name":"APOLLO Bratislava","description":"Baseball &amp; Softball Club","publisher":{"@id":"https:\/\/www.bkapollo.sk\/bka\/#organization"},"potentialAction":[{"@type":"SearchAction","target":{"@type":"EntryPoint","urlTemplate":"https:\/\/www.bkapollo.sk\/bka\/?s={search_term_string}"},"query-input":"required name=search_term_string"}],"inLanguage":"sk-SK"},{"@type":"Organization","@id":"https:\/\/www.bkapollo.sk\/bka\/#organization","name":"BK Apollo Bratislava","url":"https:\/\/www.bkapollo.sk\/bka\/","logo":{"@type":"ImageObject","inLanguage":"sk-SK","@id":"https:\/\/www.bkapollo.sk\/bka\/#\/schema\/logo\/image\/","url":"https:\/\/www.bkapollo.sk\/bka\/wp-content\/uploads\/2014\/04\/bka_logo.png","contentUrl":"https:\/\/www.bkapollo.sk\/bka\/wp-content\/uploads\/2014\/04\/bka_logo.png","width":320,"height":37,"caption":"BK Apollo Bratislava"},"image":{"@id":"https:\/\/www.bkapollo.sk\/bka\/#\/schema\/logo\/image\/"}}]}},"_links":{"self":[{"href":"https:\/\/www.bkapollo.sk\/bka\/wp-json\/wp\/v2\/pages\/77"}],"collection":[{"href":"https:\/\/www.bkapollo.sk\/bka\/wp-json\/wp\/v2\/pages"}],"about":[{"href":"https:\/\/www.bkapollo.sk\/bka\/wp-json\/wp\/v2\/types\/page"}],"author":[{"embeddable":true,"href":"https:\/\/www.bkapollo.sk\/bka\/wp-json\/wp\/v2\/users\/1"}],"replies":[{"embeddable":true,"href":"https:\/\/www.bkapollo.sk\/bka\/wp-json\/wp\/v2\/comments?post=77"}],"version-history":[{"count":3,"href":"https:\/\/www.bkapollo.sk\/bka\/wp-json\/wp\/v2\/pages\/77\/revisions"}],"predecessor-version":[{"id":713,"href":"https:\/\/www.bkapollo.sk\/bka\/wp-json\/wp\/v2\/pages\/77\/revisions\/713"}],"up":[{"embeddable":true,"href":"https:\/\/www.bkapollo.sk\/bka\/wp-json\/wp\/v2\/pages\/64"}],"wp:attachment":[{"href":"https:\/\/www.bkapollo.sk\/bka\/wp-json\/wp\/v2\/media?parent=77"}],"curies":[{"name":"wp","href":"https:\/\/api.w.org\/{rel}","templated":true}]}}