{"id":29,"date":"2014-04-18T18:50:05","date_gmt":"2014-04-18T16:50:05","guid":{"rendered":"https:\/\/www.bkapollo.sk\/bka\/?page_id=29"},"modified":"2025-08-28T16:46:22","modified_gmt":"2025-08-28T14:46:22","slug":"nabor","status":"publish","type":"page","link":"https:\/\/www.bkapollo.sk\/bka\/o-klube\/nabor\/","title":{"rendered":"N\u00e1bor"},"content":{"rendered":"<div class='clearfix'><\/div>\n<h1 style=\"text-align: center;\"><em><span style=\"color: #ffcc00;\"><strong>Chce\u0161 sa sta\u0165 baseballistom alebo softballistkou?<\/strong><\/span><\/em><\/h1>\n<p>\u00a0<\/p>\n<hr \/>\n<h3 style=\"text-align: center;\"><em style=\"color: revert; font-size: revert; font-weight: revert;\">Chlapci a diev\u010dat\u00e1 vo veku do 9 rokov, v\u0161etci ste v\u00edtan\u00ed na uk\u00e1\u017ekov\u00fdch tr\u00e9ningoch na na\u0161ich ihrisk\u00e1ch v Podunajsk\u00fdch Biskupiciach.<\/em><\/h3>\n<h3>\u00a0<\/h3>\n<h3 style=\"text-align: center;\"><em>Baseball a softball si m\u00f4\u017eete pr\u00eds\u0165 vysk\u00fa\u0161a\u0165 na bezplatn\u00e9 tr\u00e9ningy, a to v\u017edy<br \/>v pondelok a vo \u0161tvrtok od 16:00.<\/em><\/h3>\n<h3 style=\"text-align: center;\">\u00a0<\/h3>\n<h3 style=\"text-align: center;\"><em>V pr\u00edpade ak\u00fdchko\u013evek ot\u00e1zok n\u00e1s m\u00f4\u017eete kontaktova\u0165 telefonicky na \u010d\u00edsle +421 944 922 125, alebo emailom na brunegraf@bkapollo.sk.\u00a0<\/em><\/h3>\n<p><img decoding=\"async\" loading=\"lazy\" class=\"imgborder aligncenter wp-image-8829 size-full\" src=\"https:\/\/www.bkapollo.sk\/bka\/wp-content\/uploads\/2024\/10\/Pavol-Teslik-U12-BK-APOLLO-BRATISLAVA-002.jpeg\" alt=\"\" width=\"2400\" height=\"2400\" srcset=\"https:\/\/www.bkapollo.sk\/bka\/wp-content\/uploads\/2024\/10\/Pavol-Teslik-U12-BK-APOLLO-BRATISLAVA-002.jpeg 2400w, https:\/\/www.bkapollo.sk\/bka\/wp-content\/uploads\/2024\/10\/Pavol-Teslik-U12-BK-APOLLO-BRATISLAVA-002-300x300.jpeg 300w, https:\/\/www.bkapollo.sk\/bka\/wp-content\/uploads\/2024\/10\/Pavol-Teslik-U12-BK-APOLLO-BRATISLAVA-002-1024x1024.jpeg 1024w, https:\/\/www.bkapollo.sk\/bka\/wp-content\/uploads\/2024\/10\/Pavol-Teslik-U12-BK-APOLLO-BRATISLAVA-002-150x150.jpeg 150w, https:\/\/www.bkapollo.sk\/bka\/wp-content\/uploads\/2024\/10\/Pavol-Teslik-U12-BK-APOLLO-BRATISLAVA-002-768x768.jpeg 768w, https:\/\/www.bkapollo.sk\/bka\/wp-content\/uploads\/2024\/10\/Pavol-Teslik-U12-BK-APOLLO-BRATISLAVA-002-1536x1536.jpeg 1536w, https:\/\/www.bkapollo.sk\/bka\/wp-content\/uploads\/2024\/10\/Pavol-Teslik-U12-BK-APOLLO-BRATISLAVA-002-2048x2048.jpeg 2048w\" sizes=\"(max-width: 2400px) 100vw, 2400px\" \/><\/p>\n<p>\u00a0<\/p>\n<h3 style=\"text-align: center;\"><span style=\"color: #000000; font-size: medium;\">Sme \u0161portov\u00fd klub s \u00a0viac ako 30-ro\u010dnou hist\u00f3riou a\u00a0neust\u00e1le roz\u0161irujeme na\u0161u hr\u00e1\u010dsku z\u00e1klad\u0148u. H\u013ead\u00e1me chlapcov a\u00a0diev\u010dat\u00e1 s\u00a0pozit\u00edvnym vz\u0165ahom k\u00a0\u0161portu. Neust\u00e1le pracujeme na rozvoji klubu, zlep\u0161ovan\u00ed tr\u00e9ningov\u00e9ho procesu a\u00a0investujeme do obnovy ihriska, \u010doho v\u00fdsledkom s\u00fa popredn\u00e9 umiestnenia na\u0161ich dru\u017estiev na Slovensku a na medzin\u00e1rodn\u00fdch s\u00fa\u0165a\u017eiach.<\/span><\/h3>\n<hr \/>\n<h3 style=\"text-align: center;\">V\u010faka tvrdej pr\u00e1ci tr\u00e9nerov a cel\u00e9ho klubu sa v uplynulej sez\u00f3ne podarilo na\u0161im dru\u017estv\u00e1m zaknihova\u0165 viacero \u00faspechov.<\/h3>\n<p>\u00a0<\/p>\n<h2 style=\"text-align: center;\"><span style=\"color: #000000;\"><strong>\u017diaci U10 Majster Slovenska<\/strong><\/span><\/h2>\n<h2 style=\"text-align: center;\"><span style=\"color: #000000;\"><strong>\u017diaci U12 Majster rak\u00faskej ligy<\/strong><\/span><\/h2>\n<h2 style=\"text-align: center;\"><span style=\"color: #000000;\"><strong>Kadeti U16 Majster rak\u00faskej ligy<\/strong><\/span><\/h2>\n<h2 style=\"text-align: center;\"><span style=\"color: #000000;\"><strong>Juniori U23 Majster Slovenska<\/strong><\/span><\/h2>\n<h2 style=\"text-align: center;\"><span style=\"color: #000000;\"><strong>Mu\u017ei Majster Slovenska, 11. titul v rade a celkovo 13. titul<\/strong><\/span><\/h2>\n<p>\u00a0<\/p>\n<hr \/>\n<h1>\u00a0<\/h1>\n<h1 style=\"text-align: center;\"><em>\u0160portuj a za\u017ei nie\u010do nov\u00e9!<\/em><\/h1>\n<p>\u00a0<\/p>\n<h3 style=\"text-align: center;\">\u00a0<\/h3>\n<div class='one_third ' >\n<h2 style=\"text-align: center;\"><em><strong>Poliar<\/strong><\/em><\/h2>\n<p><img decoding=\"async\" loading=\"lazy\" width=\"240\" height=\"300\" class=\"aligncenter size-medium wp-image-4547 imgborder\" src=\"https:\/\/www.bkapollo.sk\/bka\/wp-content\/uploads\/2014\/04\/Denis_Paksi-240x300.jpg\" alt=\"Denis_Paksi\" srcset=\"https:\/\/www.bkapollo.sk\/bka\/wp-content\/uploads\/2014\/04\/Denis_Paksi-240x300.jpg 240w, https:\/\/www.bkapollo.sk\/bka\/wp-content\/uploads\/2014\/04\/Denis_Paksi-819x1024.jpg 819w, https:\/\/www.bkapollo.sk\/bka\/wp-content\/uploads\/2014\/04\/Denis_Paksi.jpg 1080w\" sizes=\"(max-width: 240px) 100vw, 240px\" \/><\/p>\n<\/div>\n<p><\/p>\n<div class='one_third ' >\n<h2 style=\"text-align: center;\"><em><strong>Nadhadzova\u010d<\/strong><\/em><\/h2>\n<p style=\"text-align: center;\"><img decoding=\"async\" loading=\"lazy\" width=\"240\" height=\"300\" class=\"aligncenter size-medium wp-image-4539 imgborder\" src=\"https:\/\/www.bkapollo.sk\/bka\/wp-content\/uploads\/2014\/04\/Lukas_Zilavy-240x300.jpg\" alt=\"Lukas_Zilavy\" srcset=\"https:\/\/www.bkapollo.sk\/bka\/wp-content\/uploads\/2014\/04\/Lukas_Zilavy-240x300.jpg 240w, https:\/\/www.bkapollo.sk\/bka\/wp-content\/uploads\/2014\/04\/Lukas_Zilavy-819x1024.jpg 819w, https:\/\/www.bkapollo.sk\/bka\/wp-content\/uploads\/2014\/04\/Lukas_Zilavy.jpg 1080w\" sizes=\"(max-width: 240px) 100vw, 240px\" \/><\/p>\n<\/div>\n<p><\/p>\n<div class='one_third last' >\n<h2 style=\"text-align: center;\"><strong><em>P\u00e1lkar<\/em><\/strong><\/h2>\n<p><img decoding=\"async\" loading=\"lazy\" width=\"240\" height=\"300\" class=\"size-medium wp-image-4543 imgborder aligncenter\" src=\"https:\/\/www.bkapollo.sk\/bka\/wp-content\/uploads\/2014\/04\/Jakub_Horacek-240x300.jpg\" alt=\"Jakub_Horacek\" srcset=\"https:\/\/www.bkapollo.sk\/bka\/wp-content\/uploads\/2014\/04\/Jakub_Horacek-240x300.jpg 240w, https:\/\/www.bkapollo.sk\/bka\/wp-content\/uploads\/2014\/04\/Jakub_Horacek-819x1024.jpg 819w, https:\/\/www.bkapollo.sk\/bka\/wp-content\/uploads\/2014\/04\/Jakub_Horacek.jpg 1080w\" sizes=\"(max-width: 240px) 100vw, 240px\" \/><\/p>\n<\/div>\n<p><\/p>\n<div class='clearfix'><\/div>\n<\/p>\n<p>\u00a0<\/p>\n<h3 style=\"text-align: center;\"><span style=\"color: #000000; font-size: medium;\">Baseball a\u00a0softball s\u00fa \u0161portmi, ktor\u00e9 komplexne buduj\u00fa osobnos\u0165 \u0161portovca. V\u00a0mladom veku sa tr\u00e9ningy venuj\u00fa pohybov\u00e9mu rozvoju a\u00a0osvojeniu si pravidiel baseballu, resp. softballu. Nesk\u00f4r sa pracuje na technike, vytrvalosti, sile a\u00a0spr\u00e1vnom zvl\u00e1dnut\u00ed r\u00f4znych hern\u00fdch situ\u00e1ci\u00ed. Dru\u017estvo tvor\u00ed 9 hr\u00e1\u010dov \/ hr\u00e1\u010dok, ktor\u00ed musia v\u00a0z\u00e1pase spolupracova\u0165 a\u00a0vz\u00e1jomne sa podporova\u0165. <\/span><\/h3>\n<h3 style=\"text-align: center;\"><span style=\"color: #000000; font-size: medium;\">Pravideln\u00e9 tr\u00e9ningy zase buduj\u00fa discipl\u00ednu a\u00a0zodpovednos\u0165, ktor\u00e9 s\u00fa d\u00f4le\u017eit\u00e9 aj v\u00a0dospelom veku. N\u00e1\u0161 t\u00edm m\u00e1 k\u00a0dispoz\u00edcii dve ihrisk\u00e1 a\u00a0telocvi\u010d\u0148u, v\u010faka \u010domu tr\u00e9ningy prebiehaj\u00fa po\u010das cel\u00e9ho roka. \u010clenovia a\u00a0rodi\u010dia sa stret\u00e1vaj\u00fa aj pri neform\u00e1lnych spolo\u010densk\u00fdch akci\u00e1ch ako Ukon\u010denie sez\u00f3ny, \u010di Baseballov\u00fd a\u00a0softballov\u00fd ples.<\/span><\/h3>\n<h3 style=\"text-align: center;\">\u00a0<\/h3>\n<p>\u00a0<\/p>\n<p style=\"text-align: center;\"><a class='churchope_button ' style='background-color: #363636' href='mailto:brunegraf@bkapollo.sk'   ><span>PRIDAJTE SA K N\u00c1M<\/span><\/a><\/p>\n<hr \/>\n<p style=\"text-align: center;\"><img decoding=\"async\" src=\"https:\/\/www.bkapollo.sk\/bka\/wp-content\/uploads\/2015\/10\/CHCEME.png\" alt=\"CHCEME\" \/><\/p>\n<p>\u00a0<\/p>\n<hr \/>\n<figure class=\"is-layout-flex wp-block-gallery-1 wp-block-gallery has-nested-images columns-2 is-cropped\">\n<figure class=\"wp-block-image size-large\"><a  href=\"https:\/\/www.bkapollo.sk\/bka\/wp-content\/uploads\/2023\/02\/306448830_614056476856952_6159013820738499912_n.jpg\" data-pp=\"lightbox[29]\" class=\"autolink lightbox \" ><img decoding=\"async\" loading=\"lazy\" width=\"1024\" height=\"1024\" data-id=\"8565\"  src=\"https:\/\/www.bkapollo.sk\/bka\/wp-content\/uploads\/2023\/02\/306448830_614056476856952_6159013820738499912_n-1024x1024.jpg\" alt=\"\" class=\"wp-image-8565\" srcset=\"https:\/\/www.bkapollo.sk\/bka\/wp-content\/uploads\/2023\/02\/306448830_614056476856952_6159013820738499912_n-1024x1024.jpg 1024w, https:\/\/www.bkapollo.sk\/bka\/wp-content\/uploads\/2023\/02\/306448830_614056476856952_6159013820738499912_n-300x300.jpg 300w, https:\/\/www.bkapollo.sk\/bka\/wp-content\/uploads\/2023\/02\/306448830_614056476856952_6159013820738499912_n-150x150.jpg 150w, https:\/\/www.bkapollo.sk\/bka\/wp-content\/uploads\/2023\/02\/306448830_614056476856952_6159013820738499912_n-768x768.jpg 768w, https:\/\/www.bkapollo.sk\/bka\/wp-content\/uploads\/2023\/02\/306448830_614056476856952_6159013820738499912_n.jpg 1080w\" sizes=\"(max-width: 1024px) 100vw, 1024px\" \/><\/a><\/figure>\n<figure class=\"wp-block-image size-large\"><a  href=\"https:\/\/www.bkapollo.sk\/bka\/wp-content\/uploads\/2023\/02\/305397432_607498067512793_7986596340721521412_n.jpg\" data-pp=\"lightbox[29]\" class=\"autolink lightbox \" ><img decoding=\"async\" loading=\"lazy\" width=\"1024\" height=\"1024\" data-id=\"8564\"  src=\"https:\/\/www.bkapollo.sk\/bka\/wp-content\/uploads\/2023\/02\/305397432_607498067512793_7986596340721521412_n-1024x1024.jpg\" alt=\"\" class=\"wp-image-8564\" srcset=\"https:\/\/www.bkapollo.sk\/bka\/wp-content\/uploads\/2023\/02\/305397432_607498067512793_7986596340721521412_n-1024x1024.jpg 1024w, https:\/\/www.bkapollo.sk\/bka\/wp-content\/uploads\/2023\/02\/305397432_607498067512793_7986596340721521412_n-300x300.jpg 300w, https:\/\/www.bkapollo.sk\/bka\/wp-content\/uploads\/2023\/02\/305397432_607498067512793_7986596340721521412_n-150x150.jpg 150w, https:\/\/www.bkapollo.sk\/bka\/wp-content\/uploads\/2023\/02\/305397432_607498067512793_7986596340721521412_n-768x768.jpg 768w, https:\/\/www.bkapollo.sk\/bka\/wp-content\/uploads\/2023\/02\/305397432_607498067512793_7986596340721521412_n.jpg 1080w\" sizes=\"(max-width: 1024px) 100vw, 1024px\" \/><\/a><\/figure>\n<figure class=\"wp-block-image size-large\"><a  href=\"https:\/\/www.bkapollo.sk\/bka\/wp-content\/uploads\/2023\/02\/305391559_607495747513025_375937913372501723_n.jpg\" data-pp=\"lightbox[29]\" class=\"autolink lightbox \" ><img decoding=\"async\" loading=\"lazy\" width=\"1024\" height=\"1024\" data-id=\"8567\"  src=\"https:\/\/www.bkapollo.sk\/bka\/wp-content\/uploads\/2023\/02\/305391559_607495747513025_375937913372501723_n-1024x1024.jpg\" alt=\"\" class=\"wp-image-8567\" srcset=\"https:\/\/www.bkapollo.sk\/bka\/wp-content\/uploads\/2023\/02\/305391559_607495747513025_375937913372501723_n-1024x1024.jpg 1024w, https:\/\/www.bkapollo.sk\/bka\/wp-content\/uploads\/2023\/02\/305391559_607495747513025_375937913372501723_n-300x300.jpg 300w, https:\/\/www.bkapollo.sk\/bka\/wp-content\/uploads\/2023\/02\/305391559_607495747513025_375937913372501723_n-150x150.jpg 150w, https:\/\/www.bkapollo.sk\/bka\/wp-content\/uploads\/2023\/02\/305391559_607495747513025_375937913372501723_n-768x768.jpg 768w, https:\/\/www.bkapollo.sk\/bka\/wp-content\/uploads\/2023\/02\/305391559_607495747513025_375937913372501723_n.jpg 1080w\" sizes=\"(max-width: 1024px) 100vw, 1024px\" \/><\/a><\/figure>\n<figure class=\"wp-block-image size-large\"><a  href=\"https:\/\/www.bkapollo.sk\/bka\/wp-content\/uploads\/2023\/02\/305134985_607512554178011_7076564455010887221_n.jpg\" data-pp=\"lightbox[29]\" class=\"autolink lightbox \" ><img decoding=\"async\" loading=\"lazy\" width=\"1024\" height=\"1024\" data-id=\"8566\"  src=\"https:\/\/www.bkapollo.sk\/bka\/wp-content\/uploads\/2023\/02\/305134985_607512554178011_7076564455010887221_n-1024x1024.jpg\" alt=\"\" class=\"wp-image-8566\" srcset=\"https:\/\/www.bkapollo.sk\/bka\/wp-content\/uploads\/2023\/02\/305134985_607512554178011_7076564455010887221_n-1024x1024.jpg 1024w, https:\/\/www.bkapollo.sk\/bka\/wp-content\/uploads\/2023\/02\/305134985_607512554178011_7076564455010887221_n-300x300.jpg 300w, https:\/\/www.bkapollo.sk\/bka\/wp-content\/uploads\/2023\/02\/305134985_607512554178011_7076564455010887221_n-150x150.jpg 150w, https:\/\/www.bkapollo.sk\/bka\/wp-content\/uploads\/2023\/02\/305134985_607512554178011_7076564455010887221_n-768x768.jpg 768w, https:\/\/www.bkapollo.sk\/bka\/wp-content\/uploads\/2023\/02\/305134985_607512554178011_7076564455010887221_n.jpg 1080w\" sizes=\"(max-width: 1024px) 100vw, 1024px\" \/><\/a><\/figure>\n<figure class=\"wp-block-image size-large\"><a  href=\"https:\/\/www.bkapollo.sk\/bka\/wp-content\/uploads\/2023\/02\/282242354_6285352620735_8089509987143240886_n.jpg\" data-pp=\"lightbox[29]\" class=\"autolink lightbox \" ><img decoding=\"async\" loading=\"lazy\" width=\"1024\" height=\"1024\" data-id=\"8568\"  src=\"https:\/\/www.bkapollo.sk\/bka\/wp-content\/uploads\/2023\/02\/282242354_6285352620735_8089509987143240886_n-1024x1024.jpg\" alt=\"\" class=\"wp-image-8568\" srcset=\"https:\/\/www.bkapollo.sk\/bka\/wp-content\/uploads\/2023\/02\/282242354_6285352620735_8089509987143240886_n-1024x1024.jpg 1024w, https:\/\/www.bkapollo.sk\/bka\/wp-content\/uploads\/2023\/02\/282242354_6285352620735_8089509987143240886_n-300x300.jpg 300w, https:\/\/www.bkapollo.sk\/bka\/wp-content\/uploads\/2023\/02\/282242354_6285352620735_8089509987143240886_n-150x150.jpg 150w, https:\/\/www.bkapollo.sk\/bka\/wp-content\/uploads\/2023\/02\/282242354_6285352620735_8089509987143240886_n-768x768.jpg 768w, https:\/\/www.bkapollo.sk\/bka\/wp-content\/uploads\/2023\/02\/282242354_6285352620735_8089509987143240886_n.jpg 1080w\" sizes=\"(max-width: 1024px) 100vw, 1024px\" \/><\/a><\/figure>\n<\/figure>\n<hr class=\"wp-block-separator has-alpha-channel-opacity\"\/>\n<figure class=\"wp-block-embed aligncenter is-type-video is-provider-youtube wp-block-embed-youtube wp-embed-aspect-16-9 wp-has-aspect-ratio\">\n<div class=\"wp-block-embed__wrapper\">\n<iframe loading=\"lazy\" title=\"\ud83d\udda4\ud83d\udc9b Pridaj sa k n\u00e1m a \u0161portuj!! \u26be\ufe0f\ud83e\udd4e\" width=\"912\" height=\"513\" src=\"https:\/\/www.youtube.com\/embed\/38d7gz5Si10?feature=oembed\" frameborder=\"0\" allow=\"accelerometer; autoplay; clipboard-write; encrypted-media; gyroscope; picture-in-picture; web-share\" referrerpolicy=\"strict-origin-when-cross-origin\" allowfullscreen><\/iframe>\n<\/div>\n<\/figure>\n","protected":false},"excerpt":{"rendered":"<p>Chce\u0161 sa sta\u0165 baseballistom alebo softballistkou? \u00a0 Chlapci a diev\u010dat\u00e1 vo veku do 9 rokov, v\u0161etci ste v\u00edtan\u00ed na uk\u00e1\u017ekov\u00fdch tr\u00e9ningoch na na\u0161ich ihrisk\u00e1ch v Podunajsk\u00fdch Biskupiciach. \u00a0 Baseball a softball si m\u00f4\u017eete pr\u00eds\u0165 vysk\u00fa\u0161a\u0165 na bezplatn\u00e9 tr\u00e9ningy, a to v\u017edyv pondelok a vo \u0161tvrtok od 16:00. \u00a0 V pr\u00edpade ak\u00fdchko\u013evek ot\u00e1zok n\u00e1s m\u00f4\u017eete kontaktova\u0165&#8230;<\/p>\n","protected":false},"author":1,"featured_media":6909,"parent":23,"menu_order":0,"comment_status":"closed","ping_status":"closed","template":"","meta":[],"yoast_head":"<!-- This site is optimized with the Yoast SEO plugin v20.1 - https:\/\/yoast.com\/wordpress\/plugins\/seo\/ -->\n<title>N\u00e1bor - APOLLO Bratislava<\/title>\n<meta name=\"description\" content=\"Chce\u0161 sa sta\u0165 baseballistom alebo softballistkou? Chlapci a diev\u010dat\u00e1, v\u0161etci ste v\u00edtan\u00ed na na\u0161ich ihrisk\u00e1ch na Podz\u00e1hradnej ul. v Bratislave, \u010das\u0165 Podunajsk\u00e9 Biskupice.\" \/>\n<meta name=\"robots\" content=\"index, follow, max-snippet:-1, max-image-preview:large, max-video-preview:-1\" \/>\n<link rel=\"canonical\" href=\"https:\/\/www.bkapollo.sk\/bka\/o-klube\/nabor\/\" \/>\n<meta property=\"og:locale\" content=\"sk_SK\" \/>\n<meta property=\"og:type\" content=\"article\" \/>\n<meta property=\"og:title\" content=\"Chce\u0161 sa sta\u0165 baseballistom alebo softballistkou?\" \/>\n<meta property=\"og:description\" content=\"Chlapci a diev\u010dat\u00e1, v\u0161etci ste v\u00edtan\u00ed na na\u0161ich ihrisk\u00e1ch na Podz\u00e1hradnej ul. v Bratislave, \u010das\u0165 Podunajsk\u00e9 Biskupice.\" \/>\n<meta property=\"og:url\" content=\"https:\/\/www.bkapollo.sk\/bka\/o-klube\/nabor\/\" \/>\n<meta property=\"og:site_name\" content=\"APOLLO Bratislava\" \/>\n<meta property=\"article:modified_time\" content=\"2025-08-28T14:46:22+00:00\" \/>\n<meta property=\"og:image\" content=\"https:\/\/www.bkapollo.sk\/bka\/wp-content\/uploads\/2014\/04\/FB-APOLLO-SEO.png\" \/>\n<meta name=\"twitter:card\" content=\"summary_large_image\" \/>\n<meta name=\"twitter:title\" content=\"Chce\u0161 sa sta\u0165 baseballistom alebo softballistkou?\" \/>\n<meta name=\"twitter:description\" content=\"Chlapci a diev\u010dat\u00e1, v\u0161etci ste v\u00edtan\u00ed na na\u0161ich ihrisk\u00e1ch na Podz\u00e1hradnej ul. v Bratislave, \u010das\u0165 Podunajsk\u00e9 Biskupice.\" \/>\n<meta name=\"twitter:image\" content=\"https:\/\/www.bkapollo.sk\/bka\/wp-content\/uploads\/2014\/04\/TW-APOLLO-SEO.png\" \/>\n<meta name=\"twitter:label1\" content=\"Predpokladan\u00fd \u010das \u010d\u00edtania\" \/>\n\t<meta name=\"twitter:data1\" content=\"4 min\u00faty\" \/>\n<script type=\"application\/ld+json\" class=\"yoast-schema-graph\">{\"@context\":\"https:\/\/schema.org\",\"@graph\":[{\"@type\":\"WebPage\",\"@id\":\"https:\/\/www.bkapollo.sk\/bka\/o-klube\/nabor\/\",\"url\":\"https:\/\/www.bkapollo.sk\/bka\/o-klube\/nabor\/\",\"name\":\"N\u00e1bor - APOLLO Bratislava\",\"isPartOf\":{\"@id\":\"https:\/\/www.bkapollo.sk\/bka\/#website\"},\"datePublished\":\"2014-04-18T16:50:05+00:00\",\"dateModified\":\"2025-08-28T14:46:22+00:00\",\"description\":\"Chce\u0161 sa sta\u0165 baseballistom alebo softballistkou? Chlapci a diev\u010dat\u00e1, v\u0161etci ste v\u00edtan\u00ed na na\u0161ich ihrisk\u00e1ch na Podz\u00e1hradnej ul. v Bratislave, \u010das\u0165 Podunajsk\u00e9 Biskupice.\",\"breadcrumb\":{\"@id\":\"https:\/\/www.bkapollo.sk\/bka\/o-klube\/nabor\/#breadcrumb\"},\"inLanguage\":\"sk-SK\",\"potentialAction\":[{\"@type\":\"ReadAction\",\"target\":[\"https:\/\/www.bkapollo.sk\/bka\/o-klube\/nabor\/\"]}]},{\"@type\":\"BreadcrumbList\",\"@id\":\"https:\/\/www.bkapollo.sk\/bka\/o-klube\/nabor\/#breadcrumb\",\"itemListElement\":[{\"@type\":\"ListItem\",\"position\":1,\"name\":\"Domovsk\u00e1 str\u00e1nka\",\"item\":\"https:\/\/www.bkapollo.sk\/bka\/\"},{\"@type\":\"ListItem\",\"position\":2,\"name\":\"O klube\",\"item\":\"https:\/\/www.bkapollo.sk\/bka\/o-klube\/\"},{\"@type\":\"ListItem\",\"position\":3,\"name\":\"N\u00e1bor\"}]},{\"@type\":\"WebSite\",\"@id\":\"https:\/\/www.bkapollo.sk\/bka\/#website\",\"url\":\"https:\/\/www.bkapollo.sk\/bka\/\",\"name\":\"APOLLO Bratislava\",\"description\":\"Baseball &amp; Softball Club\",\"publisher\":{\"@id\":\"https:\/\/www.bkapollo.sk\/bka\/#organization\"},\"potentialAction\":[{\"@type\":\"SearchAction\",\"target\":{\"@type\":\"EntryPoint\",\"urlTemplate\":\"https:\/\/www.bkapollo.sk\/bka\/?s={search_term_string}\"},\"query-input\":\"required name=search_term_string\"}],\"inLanguage\":\"sk-SK\"},{\"@type\":\"Organization\",\"@id\":\"https:\/\/www.bkapollo.sk\/bka\/#organization\",\"name\":\"BK Apollo Bratislava\",\"url\":\"https:\/\/www.bkapollo.sk\/bka\/\",\"logo\":{\"@type\":\"ImageObject\",\"inLanguage\":\"sk-SK\",\"@id\":\"https:\/\/www.bkapollo.sk\/bka\/#\/schema\/logo\/image\/\",\"url\":\"https:\/\/www.bkapollo.sk\/bka\/wp-content\/uploads\/2014\/04\/bka_logo.png\",\"contentUrl\":\"https:\/\/www.bkapollo.sk\/bka\/wp-content\/uploads\/2014\/04\/bka_logo.png\",\"width\":320,\"height\":37,\"caption\":\"BK Apollo Bratislava\"},\"image\":{\"@id\":\"https:\/\/www.bkapollo.sk\/bka\/#\/schema\/logo\/image\/\"}}]}<\/script>\n<!-- \/ Yoast SEO plugin. -->","yoast_head_json":{"title":"N\u00e1bor - APOLLO Bratislava","description":"Chce\u0161 sa sta\u0165 baseballistom alebo softballistkou? Chlapci a diev\u010dat\u00e1, v\u0161etci ste v\u00edtan\u00ed na na\u0161ich ihrisk\u00e1ch na Podz\u00e1hradnej ul. v Bratislave, \u010das\u0165 Podunajsk\u00e9 Biskupice.","robots":{"index":"index","follow":"follow","max-snippet":"max-snippet:-1","max-image-preview":"max-image-preview:large","max-video-preview":"max-video-preview:-1"},"canonical":"https:\/\/www.bkapollo.sk\/bka\/o-klube\/nabor\/","og_locale":"sk_SK","og_type":"article","og_title":"Chce\u0161 sa sta\u0165 baseballistom alebo softballistkou?","og_description":"Chlapci a diev\u010dat\u00e1, v\u0161etci ste v\u00edtan\u00ed na na\u0161ich ihrisk\u00e1ch na Podz\u00e1hradnej ul. v Bratislave, \u010das\u0165 Podunajsk\u00e9 Biskupice.","og_url":"https:\/\/www.bkapollo.sk\/bka\/o-klube\/nabor\/","og_site_name":"APOLLO Bratislava","article_modified_time":"2025-08-28T14:46:22+00:00","og_image":[{"url":"https:\/\/www.bkapollo.sk\/bka\/wp-content\/uploads\/2014\/04\/FB-APOLLO-SEO.png"}],"twitter_card":"summary_large_image","twitter_title":"Chce\u0161 sa sta\u0165 baseballistom alebo softballistkou?","twitter_description":"Chlapci a diev\u010dat\u00e1, v\u0161etci ste v\u00edtan\u00ed na na\u0161ich ihrisk\u00e1ch na Podz\u00e1hradnej ul. v Bratislave, \u010das\u0165 Podunajsk\u00e9 Biskupice.","twitter_image":"https:\/\/www.bkapollo.sk\/bka\/wp-content\/uploads\/2014\/04\/TW-APOLLO-SEO.png","twitter_misc":{"Predpokladan\u00fd \u010das \u010d\u00edtania":"4 min\u00faty"},"schema":{"@context":"https:\/\/schema.org","@graph":[{"@type":"WebPage","@id":"https:\/\/www.bkapollo.sk\/bka\/o-klube\/nabor\/","url":"https:\/\/www.bkapollo.sk\/bka\/o-klube\/nabor\/","name":"N\u00e1bor - APOLLO Bratislava","isPartOf":{"@id":"https:\/\/www.bkapollo.sk\/bka\/#website"},"datePublished":"2014-04-18T16:50:05+00:00","dateModified":"2025-08-28T14:46:22+00:00","description":"Chce\u0161 sa sta\u0165 baseballistom alebo softballistkou? Chlapci a diev\u010dat\u00e1, v\u0161etci ste v\u00edtan\u00ed na na\u0161ich ihrisk\u00e1ch na Podz\u00e1hradnej ul. v Bratislave, \u010das\u0165 Podunajsk\u00e9 Biskupice.","breadcrumb":{"@id":"https:\/\/www.bkapollo.sk\/bka\/o-klube\/nabor\/#breadcrumb"},"inLanguage":"sk-SK","potentialAction":[{"@type":"ReadAction","target":["https:\/\/www.bkapollo.sk\/bka\/o-klube\/nabor\/"]}]},{"@type":"BreadcrumbList","@id":"https:\/\/www.bkapollo.sk\/bka\/o-klube\/nabor\/#breadcrumb","itemListElement":[{"@type":"ListItem","position":1,"name":"Domovsk\u00e1 str\u00e1nka","item":"https:\/\/www.bkapollo.sk\/bka\/"},{"@type":"ListItem","position":2,"name":"O klube","item":"https:\/\/www.bkapollo.sk\/bka\/o-klube\/"},{"@type":"ListItem","position":3,"name":"N\u00e1bor"}]},{"@type":"WebSite","@id":"https:\/\/www.bkapollo.sk\/bka\/#website","url":"https:\/\/www.bkapollo.sk\/bka\/","name":"APOLLO Bratislava","description":"Baseball &amp; Softball Club","publisher":{"@id":"https:\/\/www.bkapollo.sk\/bka\/#organization"},"potentialAction":[{"@type":"SearchAction","target":{"@type":"EntryPoint","urlTemplate":"https:\/\/www.bkapollo.sk\/bka\/?s={search_term_string}"},"query-input":"required name=search_term_string"}],"inLanguage":"sk-SK"},{"@type":"Organization","@id":"https:\/\/www.bkapollo.sk\/bka\/#organization","name":"BK Apollo Bratislava","url":"https:\/\/www.bkapollo.sk\/bka\/","logo":{"@type":"ImageObject","inLanguage":"sk-SK","@id":"https:\/\/www.bkapollo.sk\/bka\/#\/schema\/logo\/image\/","url":"https:\/\/www.bkapollo.sk\/bka\/wp-content\/uploads\/2014\/04\/bka_logo.png","contentUrl":"https:\/\/www.bkapollo.sk\/bka\/wp-content\/uploads\/2014\/04\/bka_logo.png","width":320,"height":37,"caption":"BK Apollo Bratislava"},"image":{"@id":"https:\/\/www.bkapollo.sk\/bka\/#\/schema\/logo\/image\/"}}]}},"_links":{"self":[{"href":"https:\/\/www.bkapollo.sk\/bka\/wp-json\/wp\/v2\/pages\/29"}],"collection":[{"href":"https:\/\/www.bkapollo.sk\/bka\/wp-json\/wp\/v2\/pages"}],"about":[{"href":"https:\/\/www.bkapollo.sk\/bka\/wp-json\/wp\/v2\/types\/page"}],"author":[{"embeddable":true,"href":"https:\/\/www.bkapollo.sk\/bka\/wp-json\/wp\/v2\/users\/1"}],"replies":[{"embeddable":true,"href":"https:\/\/www.bkapollo.sk\/bka\/wp-json\/wp\/v2\/comments?post=29"}],"version-history":[{"count":93,"href":"https:\/\/www.bkapollo.sk\/bka\/wp-json\/wp\/v2\/pages\/29\/revisions"}],"predecessor-version":[{"id":8963,"href":"https:\/\/www.bkapollo.sk\/bka\/wp-json\/wp\/v2\/pages\/29\/revisions\/8963"}],"up":[{"embeddable":true,"href":"https:\/\/www.bkapollo.sk\/bka\/wp-json\/wp\/v2\/pages\/23"}],"wp:featuredmedia":[{"embeddable":true,"href":"https:\/\/www.bkapollo.sk\/bka\/wp-json\/wp\/v2\/media\/6909"}],"wp:attachment":[{"href":"https:\/\/www.bkapollo.sk\/bka\/wp-json\/wp\/v2\/media?parent=29"}],"curies":[{"name":"wp","href":"https:\/\/api.w.org\/{rel}","templated":true}]}}