{"id":2,"date":"2014-04-18T12:41:43","date_gmt":"2014-04-18T12:41:43","guid":{"rendered":"https:\/\/www.bkapollo.sk\/bka\/?page_id=2"},"modified":"2026-02-02T16:44:08","modified_gmt":"2026-02-02T15:44:08","slug":"domov","status":"publish","type":"page","link":"https:\/\/www.bkapollo.sk\/bka\/","title":{"rendered":"Domov"},"content":{"rendered":"<div class='one_third ' > <a href=\"https:\/\/www.bkapollo.sk\/bka\/klub\/nabor\/\" class=\"teaser_box\"><img src=\"https:\/\/www.bkapollo.sk\/bka\/wp-content\/uploads\/2020\/01\/DUMMY_3_NEW.png\" alt=\"N\u00e1bor\"><span class=\"teaser_title\"><span class=\"teaser_title_inner\">N\u00e1bor<\/span><span class=\"teaser_more\">Viac info<\/span><\/span><\/a> <\/div>\n<div class='one_third ' > <a href=\"https:\/\/www.bkapollo.sk\/bka\/klub\/2-percenta\/\" class=\"teaser_box\"><img src=\"https:\/\/www.bkapollo.sk\/bka\/wp-content\/uploads\/2020\/01\/DUMMY_2_NEW.png\" alt=\"2% z dan\u00ed\"><span class=\"teaser_title\"><span class=\"teaser_title_inner\">2% z dan\u00ed<\/span><span class=\"teaser_more\">Viac info<\/span><\/span><\/a> <\/div>\n<div class='one_third last' > <a href=\"https:\/\/www.bkapollo.sk\/bka\/wp-content\/uploads\/2026\/02\/2_Apollo_2026.pdf\" class=\"teaser_box\"><img src=\"https:\/\/www.bkapollo.sk\/bka\/wp-content\/uploads\/2020\/01\/DUMMY_1_NEW.png\" alt=\"TLA\u010cIVO 2%\"><span class=\"teaser_title\"><span class=\"teaser_title_inner\">TLA\u010cIVO 2%<\/span><span class=\"teaser_more\">stiahn\u00fa\u0165<\/span><\/span><\/a> <\/div>\n<div class='clearfix'><\/div>\n<hr \/>\n<div class='two_third ' >\n<h4>Posledn\u00e9 novinky<\/h4>\n<article class=\"posts_listing blog_shortcode clearfix post-9010 post type-post status-publish format-standard has-post-thumbnail hentry category-novinky-baseball category-novinky\" id=\"post-9010\">\n<p>\t\t\t\t\t\t\t\t\t<a href=\"https:\/\/www.bkapollo.sk\/bka\/z-apolla-na-world-baseball-classic-rozhovor-s-adamom-mackom\/\" title=\"Z Apolla na World Baseball Classic: Rozhovor s Adamom Mackom\" class=\"imgborder clearfix thumb\"><img src=\"https:\/\/www.bkapollo.sk\/bka\/wp-content\/uploads\/2026\/03\/AM_COVER-150x100.png\" class=\"attachment-blog_shortcode size-blog_shortcode wp-post-image\" alt=\"\" decoding=\"async\" loading=\"lazy\" srcset=\"https:\/\/www.bkapollo.sk\/bka\/wp-content\/uploads\/2026\/03\/AM_COVER-150x100.png 150w, https:\/\/www.bkapollo.sk\/bka\/wp-content\/uploads\/2026\/03\/AM_COVER-300x199.png 300w, https:\/\/www.bkapollo.sk\/bka\/wp-content\/uploads\/2026\/03\/AM_COVER-768x511.png 768w, https:\/\/www.bkapollo.sk\/bka\/wp-content\/uploads\/2026\/03\/AM_COVER-75x50.png 75w, https:\/\/www.bkapollo.sk\/bka\/wp-content\/uploads\/2026\/03\/AM_COVER.png 946w\" sizes=\"(max-width: 150px) 100vw, 150px\" \/><\/a><\/p>\n<h2 class=\"entry-title\"><a href=\"https:\/\/www.bkapollo.sk\/bka\/z-apolla-na-world-baseball-classic-rozhovor-s-adamom-mackom\/\" rel=\"bookmark\" title=\"Permanent Link to Z Apolla na World Baseball Classic: Rozhovor s Adamom Mackom\">Z Apolla na World Baseball Classic: Rozhovor s Adamom Mackom<\/a><\/h2>\n<div class=\"entry-content\">\n<p>\ud83c\udde8\ud83c\udde6 Sledujeme \u0165a na World Baseball Classic. Ak\u00fd je to pocit nast\u00fapi\u0165 za Kanadu na takomto turnaji? Je to \u00fa\u017easn\u00fd pocit reprezentova\u0165 cel\u00fa krajinu. Ve\u013emi si v\u00e1\u017eim, \u017ee m\u00f4\u017eem by\u0165 s\u00fa\u010das\u0165ou t\u00edmu, ktor\u00fd sa zap\u00edsal do hist\u00f3rie ako prv\u00fd kanadsk\u00fd t\u00edm, ktor\u00fd post\u00fapil zo skupiny do \u0161tvr\u0165fin\u00e1le. Samozrejme v\u0161ak chceme \u00eds\u0165 e\u0161te \u010falej. A po&#8230;<\/p>\n<\/p><\/div>\n<\/article>\n<article class=\"posts_listing blog_shortcode clearfix post-8988 post type-post status-publish format-standard has-post-thumbnail hentry category-novinky-baseball category-novinky category-novinky-softball tag-strongertogether tag-weareapollo tag-baseball tag-bratislava tag-podunajske-biskupice\" id=\"post-8988\">\n<p>\t\t\t\t\t\t\t\t\t<a href=\"https:\/\/www.bkapollo.sk\/bka\/dakujeme-za-podporu-podunajske-biskupice\/\" title=\"\u010eakujeme za podporu &#8211; Podunajsk\u00e9 Biskupice!\" class=\"imgborder clearfix thumb\"><img src=\"https:\/\/www.bkapollo.sk\/bka\/wp-content\/uploads\/2025\/12\/BK-APOLLO-BRATISLAVA-A-1-150x100.png\" class=\"attachment-blog_shortcode size-blog_shortcode wp-post-image\" alt=\"\" decoding=\"async\" loading=\"lazy\" srcset=\"https:\/\/www.bkapollo.sk\/bka\/wp-content\/uploads\/2025\/12\/BK-APOLLO-BRATISLAVA-A-1-150x100.png 150w, https:\/\/www.bkapollo.sk\/bka\/wp-content\/uploads\/2025\/12\/BK-APOLLO-BRATISLAVA-A-1-75x50.png 75w\" sizes=\"(max-width: 150px) 100vw, 150px\" \/><\/a><\/p>\n<h2 class=\"entry-title\"><a href=\"https:\/\/www.bkapollo.sk\/bka\/dakujeme-za-podporu-podunajske-biskupice\/\" rel=\"bookmark\" title=\"Permanent Link to \u010eakujeme za podporu &#8211; Podunajsk\u00e9 Biskupice!\">\u010eakujeme za podporu &#8211; Podunajsk\u00e9 Biskupice!<\/a><\/h2>\n<div class=\"entry-content\">\n<p>\u010eakujeme&nbsp;Mestskej \u010dasti Bratislava \u2013 Podunajsk\u00e9 Biskupice&nbsp;za finan\u010dn\u00fa podporu n\u00e1\u0161ho projektu&nbsp;\u201eApollo Baseball &amp; Softball \u2013 Tr\u00e9ning z\u00e1klad \u00faspechu!\u201c.V\u010faka dot\u00e1cii sme mohli zabezpe\u010di\u0165 kvalitn\u00fd tr\u00e9ningov\u00fd proces po\u010das celej sez\u00f3ny, vr\u00e1tane pren\u00e1jmu \u0161portov\u00fdch priestorov, odmien pre tr\u00e9nerov a n\u00e1kupu tr\u00e9ningov\u00fdch l\u00f4pt pre ml\u00e1de\u017en\u00edcke kateg\u00f3rie. Podpora zo strany mestskej \u010dasti m\u00e1 pre n\u00e1s ve\u013ek\u00fd v\u00fdznam a pom\u00e1ha rozv\u00edja\u0165 \u0161portov\u00e9&#8230;<\/p>\n<\/p><\/div>\n<\/article>\n<article class=\"posts_listing blog_shortcode clearfix post-8977 post type-post status-publish format-standard has-post-thumbnail hentry category-novinky-baseball category-novinky category-novinky-softball\" id=\"post-8977\">\n<p>\t\t\t\t\t\t\t\t\t<a href=\"https:\/\/www.bkapollo.sk\/bka\/baseballovy-a-softballovy-ples-bk-apollo-2026\/\" title=\"Baseballov\u00fd a softballov\u00fd ples BK Apollo 2026\" class=\"imgborder clearfix thumb\"><img src=\"https:\/\/www.bkapollo.sk\/bka\/wp-content\/uploads\/2025\/12\/BK-APOLLO--scaled-150x100.jpg\" class=\"attachment-blog_shortcode size-blog_shortcode wp-post-image\" alt=\"8. ro\u010dn\u00edk plesu\" decoding=\"async\" loading=\"lazy\" srcset=\"https:\/\/www.bkapollo.sk\/bka\/wp-content\/uploads\/2025\/12\/BK-APOLLO--scaled-150x100.jpg 150w, https:\/\/www.bkapollo.sk\/bka\/wp-content\/uploads\/2025\/12\/BK-APOLLO--scaled-75x50.jpg 75w\" sizes=\"(max-width: 150px) 100vw, 150px\" \/><\/a><\/p>\n<h2 class=\"entry-title\"><a href=\"https:\/\/www.bkapollo.sk\/bka\/baseballovy-a-softballovy-ples-bk-apollo-2026\/\" rel=\"bookmark\" title=\"Permanent Link to Baseballov\u00fd a softballov\u00fd ples BK Apollo 2026\">Baseballov\u00fd a softballov\u00fd ples BK Apollo 2026<\/a><\/h2>\n<div class=\"entry-content\">\n<p>Mil\u00ed \u010dlenovia a priatelia n\u00e1\u0161ho klubu.&nbsp;Radi by sme V\u00e1s pozvali na&nbsp;8. ro\u010dn\u00edk baseballov\u00e9ho a softballov\u00e9ho plesu, ktor\u00fd bude op\u00e4\u0165&nbsp;spojen\u00fd s odovzd\u00e1van\u00edm cien pre najlep\u0161\u00edch hr\u00e1\u010dov a hr\u00e1\u010dky&nbsp;vo v\u0161etk\u00fdch kateg\u00f3ri\u00e1ch, ktor\u00e9 zasiahli do bojov po\u010das uplynulej sez\u00f3ny. Novoro\u010dn\u00fd ples sa bude kona\u0165 d\u0148a 17. janu\u00e1ra o 19:00 v Dome kult\u00fary Vetv\u00e1r, Biskupick\u00e1 ulica \u010d. 15. Po\u010das&#8230;<\/p>\n<\/p><\/div>\n<\/article>\n<article class=\"posts_listing blog_shortcode clearfix post-8964 post type-post status-publish format-standard has-post-thumbnail hentry category-novinky-baseball category-novinky category-novinky-softball tag-strongertogether tag-weareapollo tag-baseball tag-bratislava tag-podunajske-biskupice tag-softball\" id=\"post-8964\">\n<p>\t\t\t\t\t\t\t\t\t<a href=\"https:\/\/www.bkapollo.sk\/bka\/dakujeme-za-podporu\/\" title=\"\u010eakujeme za podporu!\" class=\"imgborder clearfix thumb\"><img src=\"https:\/\/www.bkapollo.sk\/bka\/wp-content\/uploads\/2025\/11\/BK-APOLLO-WEB-1-150x100.png\" class=\"attachment-blog_shortcode size-blog_shortcode wp-post-image\" alt=\"BSK PODPORA\" decoding=\"async\" loading=\"lazy\" srcset=\"https:\/\/www.bkapollo.sk\/bka\/wp-content\/uploads\/2025\/11\/BK-APOLLO-WEB-1-150x100.png 150w, https:\/\/www.bkapollo.sk\/bka\/wp-content\/uploads\/2025\/11\/BK-APOLLO-WEB-1-75x50.png 75w\" sizes=\"(max-width: 150px) 100vw, 150px\" \/><\/a><\/p>\n<h2 class=\"entry-title\"><a href=\"https:\/\/www.bkapollo.sk\/bka\/dakujeme-za-podporu\/\" rel=\"bookmark\" title=\"Permanent Link to \u010eakujeme za podporu!\">\u010eakujeme za podporu!<\/a><\/h2>\n<div class=\"entry-content\">\n<p>\u010eakujeme&nbsp;Bratislavsk\u00e9mu samospr\u00e1vnemu kraju&nbsp;za finan\u010dn\u00fa podporu projektu zameran\u00e9ho na rozvoj celoro\u010dn\u00e9ho tr\u00e9ningov\u00e9ho procesu ml\u00e1de\u017ee. Aj v\u010faka poskytnutej dot\u00e1cii sme mohli zrealizova\u0165 celoro\u010dn\u00fa pr\u00edpravu a zabezpe\u010di\u0165 kvalitn\u00fdch tr\u00e9nerov. Projekt podporil \u0161portov\u00fd rozvoj viacer\u00fdch vekov\u00fdch kateg\u00f3ri\u00ed a prispel k zdrav\u00e9mu pohybov\u00e9mu re\u017eimu det\u00ed a mlad\u00fdch \u0161portovcov. Podpora BSK zohrala d\u00f4le\u017eit\u00fa \u00falohu pri vytv\u00e1ran\u00ed stabiln\u00e9ho a motivuj\u00faceho prostredia pre&#8230;<\/p>\n<\/p><\/div>\n<\/article><\/div>\n<div class='one_third last' >\n<h4>Bl\u00ed\u017eiace sa udalosti<\/h4>\n<ul class=\"upcoming_events\">\n<li>\n<p class=\"meta_date\"><strong>27<\/strong><a href=\"https:\/\/www.bkapollo.sk\/bka\/th_event\/trening-u15-3\/\"><\/a><span>apr<\/span><\/p>\n<p><a href=\"https:\/\/www.bkapollo.sk\/bka\/th_event\/trening-u15-3\/\" class=\"entry-title\">Tr\u00e9ning U15<\/a><span>Podz\u00e1hradn\u00e1 10068\/49, 821 06 Bratislava, Slovakia<\/span><span>16:00<\/span><\/li>\n<li>\n<p class=\"meta_date\"><strong>27<\/strong><a href=\"https:\/\/www.bkapollo.sk\/bka\/th_event\/trening-u18-a-muzi-b-3\/\"><\/a><span>apr<\/span><\/p>\n<p><a href=\"https:\/\/www.bkapollo.sk\/bka\/th_event\/trening-u18-a-muzi-b-3\/\" class=\"entry-title\">Tr\u00e9ning \u017deny + Juniorky<\/a><span>Podz\u00e1hradn\u00e1 10068\/49, 821 06 Bratislava, Slovakia<\/span><span>17:00<\/span><\/li>\n<li>\n<p class=\"meta_date\"><strong>28<\/strong><a href=\"https:\/\/www.bkapollo.sk\/bka\/th_event\/trening-u9-a-u12-2\/\"><\/a><span>apr<\/span><\/p>\n<p><a href=\"https:\/\/www.bkapollo.sk\/bka\/th_event\/trening-u9-a-u12-2\/\" class=\"entry-title\">Tr\u00e9ning U12<\/a><span>Podz\u00e1hradn\u00e1 5233\/51, 821 07 Bratislava, Slovakia<\/span><span>16:00<\/span><\/li>\n<li>\n<p class=\"meta_date\"><strong>28<\/strong><a href=\"https:\/\/www.bkapollo.sk\/bka\/th_event\/trening-muzi-a-3\/\"><\/a><span>apr<\/span><\/p>\n<p><a href=\"https:\/\/www.bkapollo.sk\/bka\/th_event\/trening-muzi-a-3\/\" class=\"entry-title\">Tr\u00e9ning Mu\u017ei + U18<\/a><span>Podz\u00e1hradn\u00e1 10068\/49, 821 06 Bratislava, Slovakia<\/span><span>18:00<\/span><\/li>\n<li>\n<p class=\"meta_date\"><strong>29<\/strong><a href=\"https:\/\/www.bkapollo.sk\/bka\/th_event\/trening-u15-2\/\"><\/a><span>apr<\/span><\/p>\n<p><a href=\"https:\/\/www.bkapollo.sk\/bka\/th_event\/trening-u15-2\/\" class=\"entry-title\">Tr\u00e9ning U15<\/a><span>Podz\u00e1hradn\u00e1 10068\/49, 821 06 Bratislava, Slovakia<\/span><span>16:00<\/span><\/li>\n<li>\n<p class=\"meta_date\"><strong>29<\/strong><a href=\"https:\/\/www.bkapollo.sk\/bka\/th_event\/trening-u18-a-muzi-b-2\/\"><\/a><span>apr<\/span><\/p>\n<p><a href=\"https:\/\/www.bkapollo.sk\/bka\/th_event\/trening-u18-a-muzi-b-2\/\" class=\"entry-title\">Tr\u00e9ning \u017deny + Juniorky<\/a><span>Podz\u00e1hradn\u00e1 10068\/49, 821 06 Bratislava, Slovakia<\/span><span>17:00<\/span><\/li>\n<li>\n<p class=\"meta_date\"><strong>29<\/strong><a href=\"https:\/\/www.bkapollo.sk\/bka\/th_event\/trening-muzi-a\/\"><\/a><span>apr<\/span><\/p>\n<p><a href=\"https:\/\/www.bkapollo.sk\/bka\/th_event\/trening-muzi-a\/\" class=\"entry-title\">Tr\u00e9ning Mu\u017ei &#8222;A&#8220;<\/a><span>Podz\u00e1hradn\u00e1 10068\/49, 821 06 Bratislava, Slovakia<\/span><span>18:00<\/span><\/li>\n<\/ul>\n<\/div>\n<div class='clearfix'><\/div>\n","protected":false},"excerpt":{"rendered":"","protected":false},"author":1,"featured_media":0,"parent":0,"menu_order":0,"comment_status":"closed","ping_status":"closed","template":"","meta":[],"yoast_head":"<!-- This site is optimized with the Yoast SEO plugin v20.1 - https:\/\/yoast.com\/wordpress\/plugins\/seo\/ -->\n<title>Domov - APOLLO Bratislava<\/title>\n<meta name=\"description\" content=\"Oficialna str\u00e1nka Baseballov\u00e9ho a Softballov\u00e9ho klubu BK Apollo Bratislava. Posledn\u00e9 novinky, bli\u017eiac\u00e9 sa udalosti. Hlavn\u00e1 str\u00e1nka webovej prezent\u00e1cie.\" \/>\n<meta name=\"robots\" content=\"index, follow, max-snippet:-1, max-image-preview:large, max-video-preview:-1\" \/>\n<link rel=\"canonical\" href=\"https:\/\/www.bkapollo.sk\/bka\/\" \/>\n<meta property=\"og:locale\" content=\"sk_SK\" \/>\n<meta property=\"og:type\" content=\"article\" \/>\n<meta property=\"og:title\" content=\"BK Apollo Bratislava\" \/>\n<meta property=\"og:description\" content=\"Oficialna str\u00e1nka Baseballov\u00e9ho a Softballov\u00e9ho klubu BK Apollo Bratislava. Posledn\u00e9 novinky, bli\u017eiac\u00e9 sa udalosti. Hlavn\u00e1 str\u00e1nka webovej prezent\u00e1cie.\" \/>\n<meta property=\"og:url\" content=\"https:\/\/www.bkapollo.sk\/bka\/\" \/>\n<meta property=\"og:site_name\" content=\"APOLLO Bratislava\" \/>\n<meta property=\"article:modified_time\" content=\"2026-02-02T15:44:08+00:00\" \/>\n<meta name=\"twitter:card\" content=\"summary_large_image\" \/>\n<meta name=\"twitter:title\" content=\"BK Apollo Bratislava\" \/>\n<meta name=\"twitter:description\" content=\"Oficialna str\u00e1nka Baseballov\u00e9ho a Softballov\u00e9ho klubu BK Apollo Bratislava. Posledn\u00e9 novinky, bli\u017eiac\u00e9 sa udalosti. Hlavn\u00e1 str\u00e1nka webovej prezent\u00e1cie.\" \/>\n<meta name=\"twitter:label1\" content=\"Predpokladan\u00fd \u010das \u010d\u00edtania\" \/>\n\t<meta name=\"twitter:data1\" content=\"1 min\u00fata\" \/>\n<script type=\"application\/ld+json\" class=\"yoast-schema-graph\">{\"@context\":\"https:\/\/schema.org\",\"@graph\":[{\"@type\":\"WebPage\",\"@id\":\"https:\/\/www.bkapollo.sk\/bka\/\",\"url\":\"https:\/\/www.bkapollo.sk\/bka\/\",\"name\":\"Domov - APOLLO Bratislava\",\"isPartOf\":{\"@id\":\"https:\/\/www.bkapollo.sk\/bka\/#website\"},\"datePublished\":\"2014-04-18T12:41:43+00:00\",\"dateModified\":\"2026-02-02T15:44:08+00:00\",\"description\":\"Oficialna str\u00e1nka Baseballov\u00e9ho a Softballov\u00e9ho klubu BK Apollo Bratislava. Posledn\u00e9 novinky, bli\u017eiac\u00e9 sa udalosti. Hlavn\u00e1 str\u00e1nka webovej prezent\u00e1cie.\",\"breadcrumb\":{\"@id\":\"https:\/\/www.bkapollo.sk\/bka\/#breadcrumb\"},\"inLanguage\":\"sk-SK\",\"potentialAction\":[{\"@type\":\"ReadAction\",\"target\":[\"https:\/\/www.bkapollo.sk\/bka\/\"]}]},{\"@type\":\"BreadcrumbList\",\"@id\":\"https:\/\/www.bkapollo.sk\/bka\/#breadcrumb\",\"itemListElement\":[{\"@type\":\"ListItem\",\"position\":1,\"name\":\"Domovsk\u00e1 str\u00e1nka\",\"item\":\"https:\/\/www.bkapollo.sk\/bka\/\"},{\"@type\":\"ListItem\",\"position\":2,\"name\":\"Domov\"}]},{\"@type\":\"WebSite\",\"@id\":\"https:\/\/www.bkapollo.sk\/bka\/#website\",\"url\":\"https:\/\/www.bkapollo.sk\/bka\/\",\"name\":\"APOLLO Bratislava\",\"description\":\"Baseball &amp; Softball Club\",\"publisher\":{\"@id\":\"https:\/\/www.bkapollo.sk\/bka\/#organization\"},\"potentialAction\":[{\"@type\":\"SearchAction\",\"target\":{\"@type\":\"EntryPoint\",\"urlTemplate\":\"https:\/\/www.bkapollo.sk\/bka\/?s={search_term_string}\"},\"query-input\":\"required name=search_term_string\"}],\"inLanguage\":\"sk-SK\"},{\"@type\":\"Organization\",\"@id\":\"https:\/\/www.bkapollo.sk\/bka\/#organization\",\"name\":\"BK Apollo Bratislava\",\"url\":\"https:\/\/www.bkapollo.sk\/bka\/\",\"logo\":{\"@type\":\"ImageObject\",\"inLanguage\":\"sk-SK\",\"@id\":\"https:\/\/www.bkapollo.sk\/bka\/#\/schema\/logo\/image\/\",\"url\":\"https:\/\/www.bkapollo.sk\/bka\/wp-content\/uploads\/2014\/04\/bka_logo.png\",\"contentUrl\":\"https:\/\/www.bkapollo.sk\/bka\/wp-content\/uploads\/2014\/04\/bka_logo.png\",\"width\":320,\"height\":37,\"caption\":\"BK Apollo Bratislava\"},\"image\":{\"@id\":\"https:\/\/www.bkapollo.sk\/bka\/#\/schema\/logo\/image\/\"}}]}<\/script>\n<!-- \/ Yoast SEO plugin. -->","yoast_head_json":{"title":"Domov - APOLLO Bratislava","description":"Oficialna str\u00e1nka Baseballov\u00e9ho a Softballov\u00e9ho klubu BK Apollo Bratislava. Posledn\u00e9 novinky, bli\u017eiac\u00e9 sa udalosti. Hlavn\u00e1 str\u00e1nka webovej prezent\u00e1cie.","robots":{"index":"index","follow":"follow","max-snippet":"max-snippet:-1","max-image-preview":"max-image-preview:large","max-video-preview":"max-video-preview:-1"},"canonical":"https:\/\/www.bkapollo.sk\/bka\/","og_locale":"sk_SK","og_type":"article","og_title":"BK Apollo Bratislava","og_description":"Oficialna str\u00e1nka Baseballov\u00e9ho a Softballov\u00e9ho klubu BK Apollo Bratislava. Posledn\u00e9 novinky, bli\u017eiac\u00e9 sa udalosti. Hlavn\u00e1 str\u00e1nka webovej prezent\u00e1cie.","og_url":"https:\/\/www.bkapollo.sk\/bka\/","og_site_name":"APOLLO Bratislava","article_modified_time":"2026-02-02T15:44:08+00:00","twitter_card":"summary_large_image","twitter_title":"BK Apollo Bratislava","twitter_description":"Oficialna str\u00e1nka Baseballov\u00e9ho a Softballov\u00e9ho klubu BK Apollo Bratislava. Posledn\u00e9 novinky, bli\u017eiac\u00e9 sa udalosti. Hlavn\u00e1 str\u00e1nka webovej prezent\u00e1cie.","twitter_misc":{"Predpokladan\u00fd \u010das \u010d\u00edtania":"1 min\u00fata"},"schema":{"@context":"https:\/\/schema.org","@graph":[{"@type":"WebPage","@id":"https:\/\/www.bkapollo.sk\/bka\/","url":"https:\/\/www.bkapollo.sk\/bka\/","name":"Domov - APOLLO Bratislava","isPartOf":{"@id":"https:\/\/www.bkapollo.sk\/bka\/#website"},"datePublished":"2014-04-18T12:41:43+00:00","dateModified":"2026-02-02T15:44:08+00:00","description":"Oficialna str\u00e1nka Baseballov\u00e9ho a Softballov\u00e9ho klubu BK Apollo Bratislava. Posledn\u00e9 novinky, bli\u017eiac\u00e9 sa udalosti. Hlavn\u00e1 str\u00e1nka webovej prezent\u00e1cie.","breadcrumb":{"@id":"https:\/\/www.bkapollo.sk\/bka\/#breadcrumb"},"inLanguage":"sk-SK","potentialAction":[{"@type":"ReadAction","target":["https:\/\/www.bkapollo.sk\/bka\/"]}]},{"@type":"BreadcrumbList","@id":"https:\/\/www.bkapollo.sk\/bka\/#breadcrumb","itemListElement":[{"@type":"ListItem","position":1,"name":"Domovsk\u00e1 str\u00e1nka","item":"https:\/\/www.bkapollo.sk\/bka\/"},{"@type":"ListItem","position":2,"name":"Domov"}]},{"@type":"WebSite","@id":"https:\/\/www.bkapollo.sk\/bka\/#website","url":"https:\/\/www.bkapollo.sk\/bka\/","name":"APOLLO Bratislava","description":"Baseball &amp; Softball Club","publisher":{"@id":"https:\/\/www.bkapollo.sk\/bka\/#organization"},"potentialAction":[{"@type":"SearchAction","target":{"@type":"EntryPoint","urlTemplate":"https:\/\/www.bkapollo.sk\/bka\/?s={search_term_string}"},"query-input":"required name=search_term_string"}],"inLanguage":"sk-SK"},{"@type":"Organization","@id":"https:\/\/www.bkapollo.sk\/bka\/#organization","name":"BK Apollo Bratislava","url":"https:\/\/www.bkapollo.sk\/bka\/","logo":{"@type":"ImageObject","inLanguage":"sk-SK","@id":"https:\/\/www.bkapollo.sk\/bka\/#\/schema\/logo\/image\/","url":"https:\/\/www.bkapollo.sk\/bka\/wp-content\/uploads\/2014\/04\/bka_logo.png","contentUrl":"https:\/\/www.bkapollo.sk\/bka\/wp-content\/uploads\/2014\/04\/bka_logo.png","width":320,"height":37,"caption":"BK Apollo Bratislava"},"image":{"@id":"https:\/\/www.bkapollo.sk\/bka\/#\/schema\/logo\/image\/"}}]}},"_links":{"self":[{"href":"https:\/\/www.bkapollo.sk\/bka\/wp-json\/wp\/v2\/pages\/2"}],"collection":[{"href":"https:\/\/www.bkapollo.sk\/bka\/wp-json\/wp\/v2\/pages"}],"about":[{"href":"https:\/\/www.bkapollo.sk\/bka\/wp-json\/wp\/v2\/types\/page"}],"author":[{"embeddable":true,"href":"https:\/\/www.bkapollo.sk\/bka\/wp-json\/wp\/v2\/users\/1"}],"replies":[{"embeddable":true,"href":"https:\/\/www.bkapollo.sk\/bka\/wp-json\/wp\/v2\/comments?post=2"}],"version-history":[{"count":104,"href":"https:\/\/www.bkapollo.sk\/bka\/wp-json\/wp\/v2\/pages\/2\/revisions"}],"predecessor-version":[{"id":9008,"href":"https:\/\/www.bkapollo.sk\/bka\/wp-json\/wp\/v2\/pages\/2\/revisions\/9008"}],"wp:attachment":[{"href":"https:\/\/www.bkapollo.sk\/bka\/wp-json\/wp\/v2\/media?parent=2"}],"curies":[{"name":"wp","href":"https:\/\/api.w.org\/{rel}","templated":true}]}}