{"id":118,"date":"2014-04-19T10:41:18","date_gmt":"2014-04-19T08:41:18","guid":{"rendered":"https:\/\/www.bkapollo.sk\/bka\/?page_id=118"},"modified":"2023-02-02T22:03:52","modified_gmt":"2023-02-02T21:03:52","slug":"kontakty","status":"publish","type":"page","link":"https:\/\/www.bkapollo.sk\/bka\/kontakty\/","title":{"rendered":"Kontakty"},"content":{"rendered":"<p style=\"text-align: left;\"><em><strong>Email:<\/strong><\/em>\u00a0 \u00a0info@bkapollo.sk<\/p>\n<p style=\"text-align: left;\"><em><strong>Telef\u00f3n:<\/strong> <\/em>\u00a0 +421 944 922 125<\/p>\n<hr \/>\n<div class='clearfix'><\/div>\n<div class='one_fourth ' >\n<strong>Pr\u00e1vna Forma:<\/strong><\/p>\n<p>Ob\u010diansk\u00e9 zdru\u017eenie\n<\/p><\/div>\n<div class='one_fourth ' >\n<strong>S\u00eddlo klubu:<\/strong><\/p>\n<p>BK Apollo Bratislava<\/p>\n<p>Podz\u00e1hradn\u00e1 49<\/p>\n<p>821 06 \u00a0 Bratislava\n<\/p><\/div>\n<div class='one_fourth ' >\n<strong>Bankov\u00e9 spojenie:\u00a0<\/strong><\/p>\n<p>(SLSP, a.s.)\n<\/p><\/div>\n<div class='one_fourth last' >\n<strong>\u010c\u00edslo \u00fa\u010dtu v elektronickom form\u00e1te IBAN:\u00a0<\/strong><\/p>\n<p>SK91 0900 0000 0051 5110 1303\n<\/p><\/div>\n<div class='clearfix'><\/div>\n<hr \/>\n<div class='one_fourth ' >\n<strong>I\u010cO: \/\u00a0<strong>DI\u010c:<\/strong><\/strong><\/p>\n<p>31750729\u00a0\/ DI\u010c: 2021615882<\/p>\n<\/div>\n<div class='one_fourth ' >\n<p><strong>Regist\u00e1cia \u010d.:<\/strong><\/p>\n<p>vvs\/1-900\/90-10350-4\n<\/p><\/div>\n<div class='one_fourth ' >\n<strong>Skr\u00e1ten\u00fd n\u00e1zov:<\/strong><\/p>\n<p>Apollo Bratislava\n<\/p><\/div>\n<div class='one_fourth last' >\n<strong>Skratka pre SBF a SSA:\u00a0<\/strong><\/p>\n<p>BKA\n<\/p><\/div>\n<div class='clearfix'><\/div>\n<hr \/>\n<div id='contact-form-118'>\n<form action='#contact-form-118' method='post' class='th_contact-form' id='id-902844707' >\n<div class='form_line'>\n\t\t<label for='118-name' class='name' style='display:none;'>Name<span>(required)<\/span><\/label><input type='text' name='118-name' id='118-name' value='' placeholder='Name' class='name'\/>\n\t<\/div>\n<div class='form_line'>\n\t\t<label for='118-email' class='th-field-label email' style='display:none;'>Email<span>(required)<\/span><\/label><input type='text' name='118-email' id='118-email' value='' placeholder='Email' class='email'\/><br \/>\n\t\t<input type='hidden' class = 'th-email-from' name = 'th-email-from' value='118-email'>\t<\/div>\n<div class='form_line'>\n\t\t<label for='118-website' class='url' style='display:none;'>Website<\/label><input type='text' name='118-website' id='118-website' value='' placeholder='Website' class='url'\/>\n\t<\/div>\n<div class='form_line'>\n\t\t<label for='118-comment' class='textarea' style='display:none;'>Comment<span>(required)<\/span><\/label><textarea name='118-comment' id='contact-form-comment-118-comment' placeholder='Comment' rows='14'><\/textarea>\n\t<\/div>\n<div class='th_contact-submit captcha'>\n\t\t<input type='submit' value='Send a message' class='churchope_button'\/><input type=\"hidden\" id=\"_wpnonce\" name=\"_wpnonce\" value=\"56e08239f1\" \/><input type=\"hidden\" name=\"_wp_http_referer\" value=\"\/bka\/wp-json\/wp\/v2\/pages\/118\" \/><input type='hidden' name='contact-form-id' value='118' \/><\/div>\n<p><input type='hidden' name='to' value='pavol.teslik@gmail.com' \/><\/form>\n<p><script type='text\/javascript'>jQuery(document).ready(function(){\n\t\tjQuery('#id-902844707').validate({\n\t\t\t\tsubmitHandler: function(form) {\n\t\t\t\t\t\t\tif(jQuery('[name=\\'use-captch\\']', form).length  == 1)\n\t\t\t\t\t\t\t{\n\t\t\t\t\t\t\t\tif(validateCaptcha(form, ajaxContact))\n\t\t\t\t\t\t\t\t{\n\t\t\t\t\t\t\t\t\tjQuery('#id-902844707 div.th_contact-submit input').attr('disabled', 'disabled');\t\n\t\t\t\t\t\t\t\t}\n\t\t\t\t\t\t\t}\n\t\t\t\t\t\t\telse\n\t\t\t\t\t\t\t{\n\t\t\t\t\t\t\t\tajaxContact(form);\t\t\t\t\t\t\t\n\t\t\t\t\t\t\t\tjQuery('#id-902844707 div.th_contact-submit input').attr('disabled', 'disabled');\t\n\t\t\t\t\t\t\t}\n\t\t\t\t\t\t\treturn false;\n\t\t\t\t\t\t}, rules: {'118-name' : 'required','118-email' : 'email required','118-website' : 'url','118-comment' : 'required'}, message: {'118-name' :{'required' : 'Name is required'},'118-email' :{'email' : 'Email requires a valid email address','required' : 'Email is required'},'118-website' :{'url' : 'Website requires a valid url'},'118-comment' :{'required' : 'Comment is required'}}});});<\/script><\/div>\n","protected":false},"excerpt":{"rendered":"<p>Email:\u00a0 \u00a0info@bkapollo.sk Telef\u00f3n: \u00a0 +421 944 922 125<\/p>\n","protected":false},"author":1,"featured_media":0,"parent":0,"menu_order":0,"comment_status":"closed","ping_status":"closed","template":"","meta":[],"yoast_head":"<!-- This site is optimized with the Yoast SEO plugin v20.1 - https:\/\/yoast.com\/wordpress\/plugins\/seo\/ -->\n<title>Kontakty - APOLLO Bratislava<\/title>\n<meta name=\"description\" content=\"R\u00fdchly kontaktn\u00fd formul\u00e1r na odoslanie sp\u00e1vy adminovi BK Apollo Bratislava. Mapa polohy ihriska v Bratislave. Podz\u00e1hradn\u00e1 49, Bratislava.\" \/>\n<meta name=\"robots\" content=\"index, follow, max-snippet:-1, max-image-preview:large, max-video-preview:-1\" \/>\n<link rel=\"canonical\" href=\"https:\/\/www.bkapollo.sk\/bka\/kontakty\/\" \/>\n<meta property=\"og:locale\" content=\"sk_SK\" \/>\n<meta property=\"og:type\" content=\"article\" \/>\n<meta property=\"og:title\" content=\"Kontakty - APOLLO Bratislava\" \/>\n<meta property=\"og:description\" content=\"R\u00fdchly kontaktn\u00fd formul\u00e1r na odoslanie sp\u00e1vy adminovi BK Apollo Bratislava. Mapa polohy ihriska v Bratislave. Podz\u00e1hradn\u00e1 49, Bratislava.\" \/>\n<meta property=\"og:url\" content=\"https:\/\/www.bkapollo.sk\/bka\/kontakty\/\" \/>\n<meta property=\"og:site_name\" content=\"APOLLO Bratislava\" \/>\n<meta property=\"article:modified_time\" content=\"2023-02-02T21:03:52+00:00\" \/>\n<meta name=\"twitter:card\" content=\"summary_large_image\" \/>\n<meta name=\"twitter:label1\" content=\"Predpokladan\u00fd \u010das \u010d\u00edtania\" \/>\n\t<meta name=\"twitter:data1\" content=\"1 min\u00fata\" \/>\n<script type=\"application\/ld+json\" class=\"yoast-schema-graph\">{\"@context\":\"https:\/\/schema.org\",\"@graph\":[{\"@type\":\"WebPage\",\"@id\":\"https:\/\/www.bkapollo.sk\/bka\/kontakty\/\",\"url\":\"https:\/\/www.bkapollo.sk\/bka\/kontakty\/\",\"name\":\"Kontakty - APOLLO Bratislava\",\"isPartOf\":{\"@id\":\"https:\/\/www.bkapollo.sk\/bka\/#website\"},\"datePublished\":\"2014-04-19T08:41:18+00:00\",\"dateModified\":\"2023-02-02T21:03:52+00:00\",\"description\":\"R\u00fdchly kontaktn\u00fd formul\u00e1r na odoslanie sp\u00e1vy adminovi BK Apollo Bratislava. Mapa polohy ihriska v Bratislave. Podz\u00e1hradn\u00e1 49, Bratislava.\",\"breadcrumb\":{\"@id\":\"https:\/\/www.bkapollo.sk\/bka\/kontakty\/#breadcrumb\"},\"inLanguage\":\"sk-SK\",\"potentialAction\":[{\"@type\":\"ReadAction\",\"target\":[\"https:\/\/www.bkapollo.sk\/bka\/kontakty\/\"]}]},{\"@type\":\"BreadcrumbList\",\"@id\":\"https:\/\/www.bkapollo.sk\/bka\/kontakty\/#breadcrumb\",\"itemListElement\":[{\"@type\":\"ListItem\",\"position\":1,\"name\":\"Domovsk\u00e1 str\u00e1nka\",\"item\":\"https:\/\/www.bkapollo.sk\/bka\/\"},{\"@type\":\"ListItem\",\"position\":2,\"name\":\"Kontakty\"}]},{\"@type\":\"WebSite\",\"@id\":\"https:\/\/www.bkapollo.sk\/bka\/#website\",\"url\":\"https:\/\/www.bkapollo.sk\/bka\/\",\"name\":\"APOLLO Bratislava\",\"description\":\"Baseball &amp; Softball Club\",\"publisher\":{\"@id\":\"https:\/\/www.bkapollo.sk\/bka\/#organization\"},\"potentialAction\":[{\"@type\":\"SearchAction\",\"target\":{\"@type\":\"EntryPoint\",\"urlTemplate\":\"https:\/\/www.bkapollo.sk\/bka\/?s={search_term_string}\"},\"query-input\":\"required name=search_term_string\"}],\"inLanguage\":\"sk-SK\"},{\"@type\":\"Organization\",\"@id\":\"https:\/\/www.bkapollo.sk\/bka\/#organization\",\"name\":\"BK Apollo Bratislava\",\"url\":\"https:\/\/www.bkapollo.sk\/bka\/\",\"logo\":{\"@type\":\"ImageObject\",\"inLanguage\":\"sk-SK\",\"@id\":\"https:\/\/www.bkapollo.sk\/bka\/#\/schema\/logo\/image\/\",\"url\":\"https:\/\/www.bkapollo.sk\/bka\/wp-content\/uploads\/2014\/04\/bka_logo.png\",\"contentUrl\":\"https:\/\/www.bkapollo.sk\/bka\/wp-content\/uploads\/2014\/04\/bka_logo.png\",\"width\":320,\"height\":37,\"caption\":\"BK Apollo Bratislava\"},\"image\":{\"@id\":\"https:\/\/www.bkapollo.sk\/bka\/#\/schema\/logo\/image\/\"}}]}<\/script>\n<!-- \/ Yoast SEO plugin. -->","yoast_head_json":{"title":"Kontakty - APOLLO Bratislava","description":"R\u00fdchly kontaktn\u00fd formul\u00e1r na odoslanie sp\u00e1vy adminovi BK Apollo Bratislava. Mapa polohy ihriska v Bratislave. Podz\u00e1hradn\u00e1 49, Bratislava.","robots":{"index":"index","follow":"follow","max-snippet":"max-snippet:-1","max-image-preview":"max-image-preview:large","max-video-preview":"max-video-preview:-1"},"canonical":"https:\/\/www.bkapollo.sk\/bka\/kontakty\/","og_locale":"sk_SK","og_type":"article","og_title":"Kontakty - APOLLO Bratislava","og_description":"R\u00fdchly kontaktn\u00fd formul\u00e1r na odoslanie sp\u00e1vy adminovi BK Apollo Bratislava. Mapa polohy ihriska v Bratislave. Podz\u00e1hradn\u00e1 49, Bratislava.","og_url":"https:\/\/www.bkapollo.sk\/bka\/kontakty\/","og_site_name":"APOLLO Bratislava","article_modified_time":"2023-02-02T21:03:52+00:00","twitter_card":"summary_large_image","twitter_misc":{"Predpokladan\u00fd \u010das \u010d\u00edtania":"1 min\u00fata"},"schema":{"@context":"https:\/\/schema.org","@graph":[{"@type":"WebPage","@id":"https:\/\/www.bkapollo.sk\/bka\/kontakty\/","url":"https:\/\/www.bkapollo.sk\/bka\/kontakty\/","name":"Kontakty - APOLLO Bratislava","isPartOf":{"@id":"https:\/\/www.bkapollo.sk\/bka\/#website"},"datePublished":"2014-04-19T08:41:18+00:00","dateModified":"2023-02-02T21:03:52+00:00","description":"R\u00fdchly kontaktn\u00fd formul\u00e1r na odoslanie sp\u00e1vy adminovi BK Apollo Bratislava. Mapa polohy ihriska v Bratislave. Podz\u00e1hradn\u00e1 49, Bratislava.","breadcrumb":{"@id":"https:\/\/www.bkapollo.sk\/bka\/kontakty\/#breadcrumb"},"inLanguage":"sk-SK","potentialAction":[{"@type":"ReadAction","target":["https:\/\/www.bkapollo.sk\/bka\/kontakty\/"]}]},{"@type":"BreadcrumbList","@id":"https:\/\/www.bkapollo.sk\/bka\/kontakty\/#breadcrumb","itemListElement":[{"@type":"ListItem","position":1,"name":"Domovsk\u00e1 str\u00e1nka","item":"https:\/\/www.bkapollo.sk\/bka\/"},{"@type":"ListItem","position":2,"name":"Kontakty"}]},{"@type":"WebSite","@id":"https:\/\/www.bkapollo.sk\/bka\/#website","url":"https:\/\/www.bkapollo.sk\/bka\/","name":"APOLLO Bratislava","description":"Baseball &amp; Softball Club","publisher":{"@id":"https:\/\/www.bkapollo.sk\/bka\/#organization"},"potentialAction":[{"@type":"SearchAction","target":{"@type":"EntryPoint","urlTemplate":"https:\/\/www.bkapollo.sk\/bka\/?s={search_term_string}"},"query-input":"required name=search_term_string"}],"inLanguage":"sk-SK"},{"@type":"Organization","@id":"https:\/\/www.bkapollo.sk\/bka\/#organization","name":"BK Apollo Bratislava","url":"https:\/\/www.bkapollo.sk\/bka\/","logo":{"@type":"ImageObject","inLanguage":"sk-SK","@id":"https:\/\/www.bkapollo.sk\/bka\/#\/schema\/logo\/image\/","url":"https:\/\/www.bkapollo.sk\/bka\/wp-content\/uploads\/2014\/04\/bka_logo.png","contentUrl":"https:\/\/www.bkapollo.sk\/bka\/wp-content\/uploads\/2014\/04\/bka_logo.png","width":320,"height":37,"caption":"BK Apollo Bratislava"},"image":{"@id":"https:\/\/www.bkapollo.sk\/bka\/#\/schema\/logo\/image\/"}}]}},"_links":{"self":[{"href":"https:\/\/www.bkapollo.sk\/bka\/wp-json\/wp\/v2\/pages\/118"}],"collection":[{"href":"https:\/\/www.bkapollo.sk\/bka\/wp-json\/wp\/v2\/pages"}],"about":[{"href":"https:\/\/www.bkapollo.sk\/bka\/wp-json\/wp\/v2\/types\/page"}],"author":[{"embeddable":true,"href":"https:\/\/www.bkapollo.sk\/bka\/wp-json\/wp\/v2\/users\/1"}],"replies":[{"embeddable":true,"href":"https:\/\/www.bkapollo.sk\/bka\/wp-json\/wp\/v2\/comments?post=118"}],"version-history":[{"count":24,"href":"https:\/\/www.bkapollo.sk\/bka\/wp-json\/wp\/v2\/pages\/118\/revisions"}],"predecessor-version":[{"id":8550,"href":"https:\/\/www.bkapollo.sk\/bka\/wp-json\/wp\/v2\/pages\/118\/revisions\/8550"}],"wp:attachment":[{"href":"https:\/\/www.bkapollo.sk\/bka\/wp-json\/wp\/v2\/media?parent=118"}],"curies":[{"name":"wp","href":"https:\/\/api.w.org\/{rel}","templated":true}]}}